{"id":18,"date":"2016-04-03T06:13:45","date_gmt":"2016-04-03T05:13:45","guid":{"rendered":"http:\/\/amapassionduloir.lafermedespetitspas.fr\/?page_id=18"},"modified":"2016-04-10T09:17:48","modified_gmt":"2016-04-10T08:17:48","slug":"foire-aux-questions","status":"publish","type":"page","link":"http:\/\/amapassionduloir.lafermedespetitspas.fr\/?page_id=18","title":{"rendered":"FAQ"},"content":{"rendered":"<h2>Foire aux questions<\/h2>\n<h5>Quel est le contenu du panier ?<\/h5>\n<p>C&rsquo;est vous qui composez votre panier. Vous avez en effet le choix des contrats que vous signez avec les diff\u00e9rents producteurs. Vous pouvez m\u00eame ne signer qu&rsquo;un contrat, pour du pain, des l\u00e9gumes ou des pommes par exemple.<\/p>\n<h5>Est-ce que je sais \u00e0 l&rsquo;avance ce qu&rsquo;il y a dans le panier ?<\/h5>\n<p>Cela d\u00e9pend des contrats : la plupart d\u00e9finissent le contenu pr\u00e9cis de chaque panier, identique \u00e0 chaque livraison (pain, pommes&#8230;) ou bien d\u00e9fini pour chacune des livraisons (p\u00e2tes par exemple).<br \/>\nEn revanche, le panier mara\u00eecher est lui compos\u00e9 de l\u00e9gumes frais de saison qui d\u00e9pendent donc des conditions climatiques et de la maturit\u00e9 des l\u00e9gumes. Cependant, si certains l\u00e9gumes ne vous plaisent (vraiment) pas, vous pouvez 1. le signaler au mara\u00eecher, 2. \u00e9changer ces l\u00e9gumes avec un-e autre amapien-ne, 3. les offrir \u00e0 quelqu&rsquo;un de votre entourage, 4. trouver une recette originale qui vous fera changer d&rsquo;avis.<br \/>\nDe m\u00eame, les caissettes de viande sont compos\u00e9es d&rsquo;un assortiment de diff\u00e9rents morceaux.<\/p>\n<h5>Dans quelle mesure suis-je engag\u00e9 \u00e0 travers l&rsquo;abonnement ?<\/h5>\n<p>Lorsque vous signez un contrat en AMAP, vous vous engagez pour une saison (un an dans le cas des paniers mara\u00eechers, parfois moins pour les autres produits) et donc \u00e0 venir r\u00e9cup\u00e9rer vos paniers \u00e0 chacune des livraisons.<\/p>\n<h5>Le panier semble trop gros pour moi, ou je souhaiterais en recevoir que tous les 15 jours. Que faire ?<\/h5>\n<p>Vous pouvez fort bien vous arranger avec un-e ami-e pour partager un panier. Chacun-e d&rsquo;entre vous pourra alors venir le r\u00e9cup\u00e9rer \u00e0 son tour tous les 15 jours.<br \/>\nDe m\u00eame, vous pouvez vous arranger \u00e0 plusieurs pour vous partager une caissette de viande ou bien un sac de pommes.<\/p>\n<h5>Quelles sont les garanties sur la provenance et la qualit\u00e9 des produits de mon panier ?<\/h5>\n<p>La meilleure des garanties dont vous disposiez, c&rsquo;est de pouvoir vous rendre sur les fermes des producteurs qui sont toutes situ\u00e9es \u00e0 une vingtaine de kilom\u00e8tres au maximum ! Par ailleurs, l&rsquo;ensemble des produits propos\u00e9s sont certifi\u00e9s AB et font donc l&rsquo;objet de contr\u00f4les. Enfin, ce sont les producteurs eux-m\u00eames qui viennent les livrer et discuter avec nous \u00e0 l&rsquo;occasion des livraisons.<\/p>\n<h5>Comment les paniers garantissent une excellente fra\u00eecheur ?<\/h5>\n<p>Lorsqu&rsquo;ils nous est livr\u00e9, le pain est sorti du four quelques heures auparavant. Les l\u00e9gumes ont \u00e9t\u00e9 quant \u00e0 eux pour la plupart \u00e9t\u00e9 r\u00e9colt\u00e9s le jour m\u00eame.<br \/>\nBref, la proximit\u00e9 des fermes partenaires vous assurent la plus grande fra\u00eecheur des produits que vous allez consommer.<\/p>\n<h5>Et si je dois m&rsquo;absenter ?<\/h5>\n<p>A MA Passion du Loir est une association d&rsquo;habitants de Durtal, Daumeray, L\u00e9zign\u00e9 et leurs environs. Vous y trouverez s\u00fbrement des voisins qui pourront r\u00e9cup\u00e9rer vos victuailles et vous les remettre un peu plus tard.<br \/>\nSinon, vous avez aussi la possibilit\u00e9 d&rsquo;envoyer quelqu&rsquo;un de votre entourage &#8211; en nous pr\u00e9venant \u00e0 l&rsquo;avance. Cela peut d&rsquo;ailleurs \u00eatre l&rsquo;occasion de faire d\u00e9couvrir l&rsquo;association et les produits de nos partenaires producteurs !<\/p>\n<h5>Qu&rsquo;implique mon adh\u00e9sion \u00e0 l&rsquo;association ?<\/h5>\n<p>Les activit\u00e9s de l&rsquo;association fonctionnent gr\u00e2ce \u00e0 l&rsquo;engagement b\u00e9n\u00e9vole de ses membres. Outre le fait de prendre en charge r\u00e9guli\u00e8rement les livraisons, il peut s&rsquo;agir d&rsquo;assurer la communication interne ou externe, d&rsquo;organiser une r\u00e9union ou une AG, planifier une visite de ferme ou encore cr\u00e9er un \u00e9v\u00e9nement festif ou p\u00e9dagogique.<\/p>\n","protected":false},"excerpt":{"rendered":"<p>Foire aux questions Quel est le contenu du panier ? C&rsquo;est vous qui composez votre panier. Vous avez en effet le choix des contrats que vous signez avec les diff\u00e9rents producteurs. Vous pouvez m\u00eame ne signer qu&rsquo;un contrat, pour du pain, des l\u00e9gumes ou des pommes par exemple. Est-ce que je sais \u00e0 l&rsquo;avance ce [&hellip;]<\/p>\n","protected":false},"author":1,"featured_media":0,"parent":0,"menu_order":0,"comment_status":"closed","ping_status":"closed","template":"","meta":[],"_links":{"self":[{"href":"http:\/\/amapassionduloir.lafermedespetitspas.fr\/index.php?rest_route=\/wp\/v2\/pages\/18"}],"collection":[{"href":"http:\/\/amapassionduloir.lafermedespetitspas.fr\/index.php?rest_route=\/wp\/v2\/pages"}],"about":[{"href":"http:\/\/amapassionduloir.lafermedespetitspas.fr\/index.php?rest_route=\/wp\/v2\/types\/page"}],"author":[{"embeddable":true,"href":"http:\/\/amapassionduloir.lafermedespetitspas.fr\/index.php?rest_route=\/wp\/v2\/users\/1"}],"replies":[{"embeddable":true,"href":"http:\/\/amapassionduloir.lafermedespetitspas.fr\/index.php?rest_route=%2Fwp%2Fv2%2Fcomments&post=18"}],"version-history":[{"count":8,"href":"http:\/\/amapassionduloir.lafermedespetitspas.fr\/index.php?rest_route=\/wp\/v2\/pages\/18\/revisions"}],"predecessor-version":[{"id":81,"href":"http:\/\/amapassionduloir.lafermedespetitspas.fr\/index.php?rest_route=\/wp\/v2\/pages\/18\/revisions\/81"}],"wp:attachment":[{"href":"http:\/\/amapassionduloir.lafermedespetitspas.fr\/index.php?rest_route=%2Fwp%2Fv2%2Fmedia&parent=18"}],"curies":[{"name":"wp","href":"https:\/\/api.w.org\/{rel}","templated":true}]}}